{"id":11669,"date":"2024-01-02T18:43:38","date_gmt":"2024-01-02T18:43:38","guid":{"rendered":"https:\/\/visitecuador360.com\/?page_id=11669"},"modified":"2024-11-25T18:53:31","modified_gmt":"2024-11-25T23:53:31","slug":"work-with-us","status":"publish","type":"page","link":"https:\/\/visitecuador360.com\/es\/work-with-us\/","title":{"rendered":"Trabaja con nosotros"},"content":{"rendered":"<div data-elementor-type=\"wp-page\" data-elementor-id=\"11669\" class=\"elementor elementor-11669\" data-elementor-post-type=\"page\">\n\t\t\t\t\t\t<div class=\"elementor-section elementor-top-section elementor-element elementor-element-0a9a6f3 elementor-section-stretched elementor-section-boxed elementor-section-height-default elementor-section-height-default\" data-id=\"0a9a6f3\" data-element_type=\"section\" data-settings=\"{&quot;stretch_section&quot;:&quot;section-stretched&quot;,&quot;background_background&quot;:&quot;classic&quot;}\">\n\t\t\t\t\t\t<div class=\"elementor-container elementor-column-gap-no\">\n\t\t\t\t\t<div class=\"elementor-column elementor-col-50 elementor-top-column elementor-element elementor-element-208b2bf\" data-id=\"208b2bf\" data-element_type=\"column\">\n\t\t\t<div class=\"elementor-widget-wrap elementor-element-populated\">\n\t\t\t\t\t\t<div class=\"elementor-element elementor-element-c67547a elementor-widget__width-initial animated-fast elementor-invisible elementor-widget elementor-widget-heading\" data-id=\"c67547a\" data-element_type=\"widget\" data-settings=\"{&quot;_animation&quot;:&quot;opal-move-up&quot;}\" data-widget_type=\"heading.default\">\n\t\t\t\t<div class=\"elementor-widget-container\">\n\t\t\t\t\t<h2 class=\"elementor-heading-title elementor-size-default\">Quieres generar un ingreso adicional?<\/h2>\t\t\t\t<\/div>\n\t\t\t\t<\/div>\n\t\t\t\t<div class=\"elementor-element elementor-element-1ae440c animated-fast elementor-invisible elementor-widget elementor-widget-text-editor\" data-id=\"1ae440c\" data-element_type=\"widget\" data-settings=\"{&quot;_animation&quot;:&quot;opal-move-up&quot;}\" data-widget_type=\"text-editor.default\">\n\t\t\t\t<div class=\"elementor-widget-container\">\n\t\t\t\t\t\t\t\t\t<div>Promoci\u00f3n y comercializaci\u00f3n de productos tur\u00edsticos<\/div>\t\t\t\t\t\t\t\t<\/div>\n\t\t\t\t<\/div>\n\t\t\t\t<div class=\"elementor-element elementor-element-a123a2f elementor-widget__width-initial animated-fast elementor-invisible elementor-widget elementor-widget-text-editor\" data-id=\"a123a2f\" data-element_type=\"widget\" data-settings=\"{&quot;_animation&quot;:&quot;opal-move-up&quot;}\" data-widget_type=\"text-editor.default\">\n\t\t\t\t<div class=\"elementor-widget-container\">\n\t\t\t\t\t\t\t\t\t<p>Si te apasionan los viajes, eres carism\u00e1tico y tienes esp\u00edritu emprendedor, \u00a1queremos conocerte!<\/p><p>\u00danete a nosotros y forma parte de una apasionante aventura en el sector de los viajes para promocionar productos tur\u00edsticos de ensue\u00f1o.<\/p><p><strong>Como parte del equipo,  tendr\u00e1s la oportunidad de:<\/strong><\/p><p>\u00a0<\/p><p>\ud83d\udcbc Desarrollar su marketing y habilidades de ventas.<\/p><p>\ud83d\udcb0 Ganar una remuneraci\u00f3n competitiva.<\/p><p>\u00danete a nosotros y se parte de una aventura emocionante en la industria de viajes.<\/p>\t\t\t\t\t\t\t\t<\/div>\n\t\t\t\t<\/div>\n\t\t\t\t\t<\/div>\n\t\t<\/div>\n\t\t\t\t<div class=\"elementor-column elementor-col-50 elementor-top-column elementor-element elementor-element-8ac8314 elementor-hidden-phone\" data-id=\"8ac8314\" data-element_type=\"column\" data-settings=\"{&quot;background_background&quot;:&quot;classic&quot;}\">\n\t\t\t<div class=\"elementor-widget-wrap elementor-element-populated\">\n\t\t\t\t\t\t<div class=\"elementor-element elementor-element-6287f2b elementor-widget elementor-widget-image\" data-id=\"6287f2b\" data-element_type=\"widget\" data-widget_type=\"image.default\">\n\t\t\t\t<div class=\"elementor-widget-container\">\n\t\t\t\t\t\t\t\t\t\t\t\t\t\t\t<img fetchpriority=\"high\" decoding=\"async\" width=\"512\" height=\"512\" src=\"https:\/\/visitecuador360.com\/wp-content\/uploads\/2024\/03\/Logo-Agencia-de-viajes.png\" class=\"attachment-large size-large wp-image-13336\" alt=\"\" srcset=\"https:\/\/visitecuador360.com\/wp-content\/uploads\/2024\/03\/Logo-Agencia-de-viajes.png 512w, https:\/\/visitecuador360.com\/wp-content\/uploads\/2024\/03\/Logo-Agencia-de-viajes-300x300.png 300w, https:\/\/visitecuador360.com\/wp-content\/uploads\/2024\/03\/Logo-Agencia-de-viajes-150x150.png 150w, https:\/\/visitecuador360.com\/wp-content\/uploads\/2024\/03\/Logo-Agencia-de-viajes-12x12.png 12w, https:\/\/visitecuador360.com\/wp-content\/uploads\/2024\/03\/Logo-Agencia-de-viajes-500x500.png 500w, https:\/\/visitecuador360.com\/wp-content\/uploads\/2024\/03\/Logo-Agencia-de-viajes-100x100.png 100w, https:\/\/visitecuador360.com\/wp-content\/uploads\/2024\/03\/Logo-Agencia-de-viajes-450x450.png 450w\" sizes=\"(max-width: 512px) 100vw, 512px\" \/>\t\t\t\t\t\t\t\t\t\t\t\t\t\t\t<\/div>\n\t\t\t\t<\/div>\n\t\t\t\t\t<\/div>\n\t\t<\/div>\n\t\t\t\t\t<\/div>\n\t\t<\/div>\n\t\t<div class=\"elementor-element elementor-element-9e2d231 e-con-full e-flex e-con e-parent\" data-id=\"9e2d231\" data-element_type=\"container\">\n\t\t\t\t<div class=\"elementor-element elementor-element-1bd7c3f elementor-widget elementor-widget-heading\" data-id=\"1bd7c3f\" data-element_type=\"widget\" data-widget_type=\"heading.default\">\n\t\t\t\t<div class=\"elementor-widget-container\">\n\t\t\t\t\t<h2 class=\"elementor-heading-title elementor-size-default\">Reg\u00edstrate para trabajar con nosotros<\/h2>\t\t\t\t<\/div>\n\t\t\t\t<\/div>\n\t\t\t\t<div class=\"elementor-element elementor-element-85a2a59 elementor-widget elementor-widget-text-editor\" data-id=\"85a2a59\" data-element_type=\"widget\" data-widget_type=\"text-editor.default\">\n\t\t\t\t<div class=\"elementor-widget-container\">\n\t\t\t\t\t\t\t\t\t<p>No importa d\u00f3nde est\u00e9s,  puedes generar ingresos adicionales desde cualquier parte del mundo!<\/p>\t\t\t\t\t\t\t\t<\/div>\n\t\t\t\t<\/div>\n\t\t\t\t<div class=\"elementor-element elementor-element-aa5684f elementor-widget elementor-widget-button\" data-id=\"aa5684f\" data-element_type=\"widget\" data-widget_type=\"button.default\">\n\t\t\t\t<div class=\"elementor-widget-container\">\n\t\t\t\t\t\t\t\t\t<div class=\"elementor-button-wrapper\">\n\t\t\t\t\t<a class=\"elementor-button elementor-button-link elementor-size-sm\" href=\"https:\/\/docs.google.com\/forms\/d\/e\/1FAIpQLSftSDYkCm8pidMUjTpAvP-JPVelvv_oUprFHzkBF42Gt9v_Yg\/viewform?usp=sf_link\">\n\t\t\t\t\t\t<span class=\"elementor-button-content-wrapper\">\n\t\t\t\t\t\t\t\t\t<span class=\"elementor-button-text\">Aplicar<\/span>\n\t\t\t\t\t<\/span>\n\t\t\t\t\t<\/a>\n\t\t\t\t<\/div>\n\t\t\t\t\t\t\t\t<\/div>\n\t\t\t\t<\/div>\n\t\t\t\t<div class=\"elementor-element elementor-element-9743022 elementor-widget elementor-widget-text-editor\" data-id=\"9743022\" data-element_type=\"widget\" data-widget_type=\"text-editor.default\">\n\t\t\t\t<div class=\"elementor-widget-container\">\n\t\t\t\t\t\t\t\t\t<p>Se parte del equipo y convi\u00e9rtete en un asesor comercial para Visit360 Ecuador &amp; International.<\/p>\t\t\t\t\t\t\t\t<\/div>\n\t\t\t\t<\/div>\n\t\t\t\t<\/div>\n\t\t\t\t<div class=\"elementor-section elementor-top-section elementor-element elementor-element-90cdf4a elementor-section-stretched elementor-section-boxed elementor-section-height-default elementor-section-height-default\" data-id=\"90cdf4a\" data-element_type=\"section\" data-settings=\"{&quot;stretch_section&quot;:&quot;section-stretched&quot;}\">\n\t\t\t\t\t\t<div class=\"elementor-container elementor-column-gap-no\">\n\t\t\t\t\t<div class=\"elementor-column elementor-col-100 elementor-top-column elementor-element elementor-element-2146f77\" data-id=\"2146f77\" data-element_type=\"column\">\n\t\t\t<div class=\"elementor-widget-wrap elementor-element-populated\">\n\t\t\t\t\t\t<div class=\"elementor-element elementor-element-081732e animated-fast elementor-invisible elementor-widget elementor-widget-text-editor\" data-id=\"081732e\" data-element_type=\"widget\" data-settings=\"{&quot;_animation&quot;:&quot;opal-move-up&quot;}\" data-widget_type=\"text-editor.default\">\n\t\t\t\t<div class=\"elementor-widget-container\">\n\t\t\t\t\t\t\t\t\t<div>Nuestro equipo<\/div>\t\t\t\t\t\t\t\t<\/div>\n\t\t\t\t<\/div>\n\t\t\t\t<div class=\"elementor-element elementor-element-baba6a0 animated-fast elementor-invisible elementor-widget elementor-widget-heading\" data-id=\"baba6a0\" data-element_type=\"widget\" data-settings=\"{&quot;_animation&quot;:&quot;opal-move-up&quot;}\" data-widget_type=\"heading.default\">\n\t\t\t\t<div class=\"elementor-widget-container\">\n\t\t\t\t\t<h2 class=\"elementor-heading-title elementor-size-default\">Conoce al Equipo<\/h2>\t\t\t\t<\/div>\n\t\t\t\t<\/div>\n\t\t\t\t\t<\/div>\n\t\t<\/div>\n\t\t\t\t\t<\/div>\n\t\t<\/div>\n\t\t\t\t<div class=\"elementor-section elementor-top-section elementor-element elementor-element-4c0e699 elementor-section-stretched elementor-section-boxed elementor-section-height-default elementor-section-height-default\" data-id=\"4c0e699\" data-element_type=\"section\" data-settings=\"{&quot;stretch_section&quot;:&quot;section-stretched&quot;}\">\n\t\t\t\t\t\t<div class=\"elementor-container elementor-column-gap-no\">\n\t\t\t\t\t<div class=\"elementor-column elementor-col-33 elementor-top-column elementor-element elementor-element-c2c8d84\" data-id=\"c2c8d84\" data-element_type=\"column\">\n\t\t\t<div class=\"elementor-widget-wrap elementor-element-populated\">\n\t\t\t\t\t\t<div class=\"elementor-element elementor-element-993fa32 elementor-widget-mobile__width-initial animated-fast elementor-invisible elementor-widget elementor-widget-triply-team-box\" data-id=\"993fa32\" data-element_type=\"widget\" data-settings=\"{&quot;_animation&quot;:&quot;opal-move-up&quot;,&quot;_animation_delay&quot;:350}\" data-widget_type=\"triply-team-box.default\">\n\t\t\t\t<div class=\"elementor-widget-container\">\n\t\t\t\t\t        <div class=\"elementor-teams-wrapper triply-team-box\">\n                    <div class=\"team-image\">\n            <img decoding=\"async\" width=\"300\" height=\"300\" src=\"https:\/\/visitecuador360.com\/wp-content\/uploads\/2024\/11\/Stef-300x300.jpg\" class=\"attachment-medium size-medium wp-image-13790\" alt=\"\" srcset=\"https:\/\/visitecuador360.com\/wp-content\/uploads\/2024\/11\/Stef-300x300.jpg 300w, https:\/\/visitecuador360.com\/wp-content\/uploads\/2024\/11\/Stef-1024x1024.jpg 1024w, https:\/\/visitecuador360.com\/wp-content\/uploads\/2024\/11\/Stef-150x150.jpg 150w, https:\/\/visitecuador360.com\/wp-content\/uploads\/2024\/11\/Stef-768x768.jpg 768w, https:\/\/visitecuador360.com\/wp-content\/uploads\/2024\/11\/Stef-12x12.jpg 12w, https:\/\/visitecuador360.com\/wp-content\/uploads\/2024\/11\/Stef-500x500.jpg 500w, https:\/\/visitecuador360.com\/wp-content\/uploads\/2024\/11\/Stef-100x100.jpg 100w, https:\/\/visitecuador360.com\/wp-content\/uploads\/2024\/11\/Stef-450x450.jpg 450w, https:\/\/visitecuador360.com\/wp-content\/uploads\/2024\/11\/Stef.jpg 1080w\" sizes=\"(max-width: 300px) 100vw, 300px\" \/>        <\/div>\n        <div class=\"team-content\">\n            <div class=\"team-name\"><span>Stefany Rivera <\/span><\/div>\n            <div class=\"team-job\"><span> Gerente de Proyectos<\/span><\/div>\n        <\/div>\n        <div class=\"team-icon-socials\">\n            <ul>\n                                                            <li class=\"social\">\n                            <a href=\"https:\/\/www.facebook.com\/opalwordpress\">\n                                <i class=\"triply-icon-facebook\"><\/i>\n                            <\/a>\n                        <\/li>\n                                                                                <li class=\"social\">\n                            <a href=\"https:\/\/www.youtube.com\/user\/WPOpalTheme\">\n                                <i class=\"triply-icon-youtube\"><\/i>\n                            <\/a>\n                        <\/li>\n                                                                                <li class=\"social\">\n                            <a href=\"https:\/\/twitter.com\/opalwordpress\">\n                                <i class=\"triply-icon-twitter\"><\/i>\n                            <\/a>\n                        <\/li>\n                                                                                <li class=\"social\">\n                            <a href=\"https:\/\/plus.google.com\/u\/0\/+WPOpal\">\n                                <i class=\"triply-icon-instagram\"><\/i>\n                            <\/a>\n                        <\/li>\n                                                <\/ul>\n        <\/div>\n                <\/div>\n        \t\t\t\t<\/div>\n\t\t\t\t<\/div>\n\t\t\t\t\t<\/div>\n\t\t<\/div>\n\t\t\t\t<div class=\"elementor-column elementor-col-33 elementor-top-column elementor-element elementor-element-ab8f7bb\" data-id=\"ab8f7bb\" data-element_type=\"column\">\n\t\t\t<div class=\"elementor-widget-wrap elementor-element-populated\">\n\t\t\t\t\t\t<div class=\"elementor-element elementor-element-80c2656 elementor-widget-mobile__width-initial animated-fast elementor-invisible elementor-widget elementor-widget-triply-team-box\" data-id=\"80c2656\" data-element_type=\"widget\" data-settings=\"{&quot;_animation&quot;:&quot;opal-move-up&quot;,&quot;_animation_delay&quot;:250}\" data-widget_type=\"triply-team-box.default\">\n\t\t\t\t<div class=\"elementor-widget-container\">\n\t\t\t\t\t        <div class=\"elementor-teams-wrapper triply-team-box\">\n                    <div class=\"team-image\">\n            <img decoding=\"async\" width=\"980\" height=\"980\" src=\"https:\/\/visitecuador360.com\/wp-content\/uploads\/2024\/11\/Daniel-1024x1024.jpg\" class=\"attachment-large size-large wp-image-13792\" alt=\"\" srcset=\"https:\/\/visitecuador360.com\/wp-content\/uploads\/2024\/11\/Daniel-1024x1024.jpg 1024w, https:\/\/visitecuador360.com\/wp-content\/uploads\/2024\/11\/Daniel-300x300.jpg 300w, https:\/\/visitecuador360.com\/wp-content\/uploads\/2024\/11\/Daniel-150x150.jpg 150w, https:\/\/visitecuador360.com\/wp-content\/uploads\/2024\/11\/Daniel-768x768.jpg 768w, https:\/\/visitecuador360.com\/wp-content\/uploads\/2024\/11\/Daniel-12x12.jpg 12w, https:\/\/visitecuador360.com\/wp-content\/uploads\/2024\/11\/Daniel-500x500.jpg 500w, https:\/\/visitecuador360.com\/wp-content\/uploads\/2024\/11\/Daniel-100x100.jpg 100w, https:\/\/visitecuador360.com\/wp-content\/uploads\/2024\/11\/Daniel-450x450.jpg 450w, https:\/\/visitecuador360.com\/wp-content\/uploads\/2024\/11\/Daniel.jpg 1080w\" sizes=\"(max-width: 980px) 100vw, 980px\" \/>        <\/div>\n        <div class=\"team-content\">\n            <div class=\"team-name\"><span>Daniel F. Orduz <\/span><\/div>\n            <div class=\"team-job\"><span> CEO, Fundador<\/span><\/div>\n        <\/div>\n        <div class=\"team-icon-socials\">\n            <ul>\n                                                            <li class=\"social\">\n                            <a href=\"https:\/\/www.facebook.com\/daniel.f.orduz\">\n                                <i class=\"triply-icon-facebook\"><\/i>\n                            <\/a>\n                        <\/li>\n                                                                                <li class=\"social\">\n                            <a href=\"https:\/\/www.youtube.com\/user\/WPOpalTheme\">\n                                <i class=\"triply-icon-youtube\"><\/i>\n                            <\/a>\n                        <\/li>\n                                                                                <li class=\"social\">\n                            <a href=\"https:\/\/twitter.com\/opalwordpress\">\n                                <i class=\"triply-icon-twitter\"><\/i>\n                            <\/a>\n                        <\/li>\n                                                                                <li class=\"social\">\n                            <a href=\"https:\/\/plus.google.com\/u\/0\/+WPOpal\">\n                                <i class=\"triply-icon-instagram\"><\/i>\n                            <\/a>\n                        <\/li>\n                                                <\/ul>\n        <\/div>\n                <\/div>\n        \t\t\t\t<\/div>\n\t\t\t\t<\/div>\n\t\t\t\t\t<\/div>\n\t\t<\/div>\n\t\t\t\t<div class=\"elementor-column elementor-col-33 elementor-top-column elementor-element elementor-element-9f4e7c6\" data-id=\"9f4e7c6\" data-element_type=\"column\">\n\t\t\t<div class=\"elementor-widget-wrap elementor-element-populated\">\n\t\t\t\t\t\t<div class=\"elementor-element elementor-element-75da688 elementor-widget-mobile__width-initial animated-fast elementor-invisible elementor-widget elementor-widget-triply-team-box\" data-id=\"75da688\" data-element_type=\"widget\" data-settings=\"{&quot;_animation&quot;:&quot;opal-move-up&quot;,&quot;_animation_delay&quot;:450}\" data-widget_type=\"triply-team-box.default\">\n\t\t\t\t<div class=\"elementor-widget-container\">\n\t\t\t\t\t        <div class=\"elementor-teams-wrapper triply-team-box\">\n                    <div class=\"team-image\">\n            <img loading=\"lazy\" decoding=\"async\" width=\"1080\" height=\"1080\" src=\"https:\/\/visitecuador360.com\/wp-content\/uploads\/2024\/11\/Untitled-design.jpg\" class=\"attachment-full size-full wp-image-13791\" alt=\"\" srcset=\"https:\/\/visitecuador360.com\/wp-content\/uploads\/2024\/11\/Untitled-design.jpg 1080w, https:\/\/visitecuador360.com\/wp-content\/uploads\/2024\/11\/Untitled-design-300x300.jpg 300w, https:\/\/visitecuador360.com\/wp-content\/uploads\/2024\/11\/Untitled-design-1024x1024.jpg 1024w, https:\/\/visitecuador360.com\/wp-content\/uploads\/2024\/11\/Untitled-design-150x150.jpg 150w, https:\/\/visitecuador360.com\/wp-content\/uploads\/2024\/11\/Untitled-design-768x768.jpg 768w, https:\/\/visitecuador360.com\/wp-content\/uploads\/2024\/11\/Untitled-design-12x12.jpg 12w, https:\/\/visitecuador360.com\/wp-content\/uploads\/2024\/11\/Untitled-design-500x500.jpg 500w, https:\/\/visitecuador360.com\/wp-content\/uploads\/2024\/11\/Untitled-design-100x100.jpg 100w, https:\/\/visitecuador360.com\/wp-content\/uploads\/2024\/11\/Untitled-design-450x450.jpg 450w\" sizes=\"(max-width: 1080px) 100vw, 1080px\" \/>        <\/div>\n        <div class=\"team-content\">\n            <div class=\"team-name\"><span>G\u00e9nnesis Velasco <\/span><\/div>\n            <div class=\"team-job\"><span> Gerente De Operaciones<\/span><\/div>\n        <\/div>\n        <div class=\"team-icon-socials\">\n            <ul>\n                                                            <li class=\"social\">\n                            <a href=\"https:\/\/www.facebook.com\/opalwordpress\">\n                                <i class=\"triply-icon-facebook\"><\/i>\n                            <\/a>\n                        <\/li>\n                                                                                <li class=\"social\">\n                            <a href=\"https:\/\/www.youtube.com\/user\/WPOpalTheme\">\n                                <i class=\"triply-icon-youtube\"><\/i>\n                            <\/a>\n                        <\/li>\n                                                                                <li class=\"social\">\n                            <a href=\"https:\/\/twitter.com\/opalwordpress\">\n                                <i class=\"triply-icon-twitter\"><\/i>\n                            <\/a>\n                        <\/li>\n                                                                                <li class=\"social\">\n                            <a href=\"https:\/\/plus.google.com\/u\/0\/+WPOpal\">\n                                <i class=\"triply-icon-instagram\"><\/i>\n                            <\/a>\n                        <\/li>\n                                                <\/ul>\n        <\/div>\n                <\/div>\n        \t\t\t\t<\/div>\n\t\t\t\t<\/div>\n\t\t\t\t\t<\/div>\n\t\t<\/div>\n\t\t\t\t\t<\/div>\n\t\t<\/div>\n\t\t\t\t<\/div>","protected":false},"excerpt":{"rendered":"<p>Want to generate significant additional income? Promotion and marketing of tourism products If you are passionate about travel, charismatic and have an entrepreneurial spirit, we want to meet you! Join us and be part of an exciting adventure in the travel industry to promote dream tourism products. As part of the team, you will have [&hellip;]<\/p>","protected":false},"author":1,"featured_media":0,"parent":0,"menu_order":0,"comment_status":"closed","ping_status":"closed","template":"","meta":{"om_disable_all_campaigns":false,"inline_featured_image":false,"_monsterinsights_skip_tracking":false,"_monsterinsights_sitenote_active":false,"_monsterinsights_sitenote_note":"","_monsterinsights_sitenote_category":0,"_uf_show_specific_survey":0,"_uf_disable_surveys":false,"footnotes":""},"class_list":["post-11669","page","type-page","status-publish","hentry"],"aioseo_notices":[],"_links":{"self":[{"href":"https:\/\/visitecuador360.com\/es\/wp-json\/wp\/v2\/pages\/11669","targetHints":{"allow":["GET"]}}],"collection":[{"href":"https:\/\/visitecuador360.com\/es\/wp-json\/wp\/v2\/pages"}],"about":[{"href":"https:\/\/visitecuador360.com\/es\/wp-json\/wp\/v2\/types\/page"}],"author":[{"embeddable":true,"href":"https:\/\/visitecuador360.com\/es\/wp-json\/wp\/v2\/users\/1"}],"replies":[{"embeddable":true,"href":"https:\/\/visitecuador360.com\/es\/wp-json\/wp\/v2\/comments?post=11669"}],"version-history":[{"count":46,"href":"https:\/\/visitecuador360.com\/es\/wp-json\/wp\/v2\/pages\/11669\/revisions"}],"predecessor-version":[{"id":13811,"href":"https:\/\/visitecuador360.com\/es\/wp-json\/wp\/v2\/pages\/11669\/revisions\/13811"}],"wp:attachment":[{"href":"https:\/\/visitecuador360.com\/es\/wp-json\/wp\/v2\/media?parent=11669"}],"curies":[{"name":"wp","href":"https:\/\/api.w.org\/{rel}","templated":true}]}}